{"id":11842,"date":"2022-11-09T16:30:51","date_gmt":"2022-11-09T15:30:51","guid":{"rendered":"https:\/\/ingeniacasa.noooserver.com\/?page_id=11842"},"modified":"2022-11-09T16:49:30","modified_gmt":"2022-11-09T15:49:30","slug":"la-nostra-responsabilita-sociale-fr","status":"publish","type":"page","link":"https:\/\/www.ingeniacasa.com\/fr\/la-nostra-storia-fr\/la-nostra-responsabilita-sociale-fr\/","title":{"rendered":"Notre Responsabilit\u00e9 Sociale"},"content":{"rendered":"<p>Une grande attention est port\u00e9e \u00e0 la s\u00e9curit\u00e9 sur le lieu de travail, nous nous appuyons sur la collaboration de fournisseurs s\u00e9lectionn\u00e9s sensibles \u00e0 la question de la durabilit\u00e9. Nous nous engageons \u00e0 maintenir un environnement de travail agr\u00e9able, en respectant les personnes qui travaillent avec nous et en offrant des opportunit\u00e9s de formation et de d\u00e9veloppement.<\/p>\n<p>Nous supportons les initiatives locales telles que le sport, l&#8217;amour pour notre ville et la passion du sport sont deux qualit\u00e9s convergentes de notre entreprise qui soutient les valeurs extraordinaires du football et du volley\u00a0: \u00e9quit\u00e9, loyaut\u00e9, esprit d&#8217;\u00e9quipe. La Camerano Calcio a \u00e9t\u00e9 officiellement nomm\u00e9e Scuola Calcio \u00c9lite par la FIGC, devenant plus tard une \u00e9quipe de football int\u00e9gr\u00e9e au projet d&#8217;insertion des enfants trisomiques.<\/p>\n<p>L&#8217;Acad\u00e9mie de volleyball d&#8217;Anc\u00f4ne est le seul point de reconnaissance du volleyball masculin d&#8217;Anc\u00f4ne.<\/p>\n<p>Nous essayons d&#8217;optimiser la logistique, l&#8217;utilisation des ressources \u00e9nerg\u00e9tiques et l&#8217;\u00e9limination des d\u00e9chets dans une perspective de croissance durable. Le bois de noyer pr\u00e9cieux provient de zones certifi\u00e9es d&#8217;Am\u00e9rique du Sud \u00e0 reboisement contr\u00f4l\u00e9, g\u00e9r\u00e9 selon des normes environnementales et sociales strictes. Cela signifie que chaque fois qu&#8217;un arbre est abattu pour la production de produits Bontempi Casa, d&#8217;autres sont replant\u00e9s. La production et les finitions sont effectu\u00e9es au moyen de traitements sans \u00e9missions de substances nocives pour l&#8217;homme et l&#8217;environnement, respectant les normes environnementales \u00e9tablies au niveau national et international.<\/p>\n<p>En effet, l&#8217;entreprise utilise\u00a0:<\/p>\n<ul>\n<li>vernis non polluants exempts de m\u00e9taux lourds et des solvants class\u00e9s dans la classe I et II DRP 203\/88\u00a0;<br \/>\nproduction et finitions au moyen de traitements sans \u00e9mission de substances nocives pour l&#8217;homme, les choses et l&#8217;environnement. (Loi n\u00b0 126 du 10 avril 1991 et d\u00e9cret n\u00b0 101 du 8 f\u00e9vrier 1997)<\/li>\n<li>cristaux, tissus, peaux, cuir, bois, plateaux super recyclables\u00a0;<\/li>\n<li>panneaux compos\u00e9s de particules de bois class\u00e9s EPF-S E0.5, \u00e0 savoir avec une teneur et une \u00e9mission minimales de formald\u00e9hyde\u00a0;<\/li>\n<li>bois issus de for\u00eats g\u00e9r\u00e9es selon des normes environnementales et sociales strictes, nationales et internationales.<\/li>\n<\/ul>\n","protected":false},"excerpt":{"rendered":"<p>Une grande attention est port\u00e9e \u00e0 la s\u00e9curit\u00e9 sur le lieu de travail, nous nous appuyons sur la collaboration de fournisseurs s\u00e9lectionn\u00e9s sensibles \u00e0 la question de la durabilit\u00e9. Nous nous engageons \u00e0 maintenir un environnement de travail agr\u00e9able, en respectant les personnes qui travaillent avec nous et en offrant des opportunit\u00e9s de formation et [&hellip;]<\/p>\n","protected":false},"author":2,"featured_media":0,"parent":11816,"menu_order":0,"comment_status":"closed","ping_status":"closed","template":"page-about.php","meta":{"inline_featured_image":false,"footnotes":""},"class_list":["post-11842","page","type-page","status-publish","hentry"],"acf":{"gallery":[27007,27002,27012]},"_links":{"self":[{"href":"https:\/\/www.ingeniacasa.com\/fr\/wp-json\/wp\/v2\/pages\/11842","targetHints":{"allow":["GET"]}}],"collection":[{"href":"https:\/\/www.ingeniacasa.com\/fr\/wp-json\/wp\/v2\/pages"}],"about":[{"href":"https:\/\/www.ingeniacasa.com\/fr\/wp-json\/wp\/v2\/types\/page"}],"author":[{"embeddable":true,"href":"https:\/\/www.ingeniacasa.com\/fr\/wp-json\/wp\/v2\/users\/2"}],"replies":[{"embeddable":true,"href":"https:\/\/www.ingeniacasa.com\/fr\/wp-json\/wp\/v2\/comments?post=11842"}],"version-history":[{"count":1,"href":"https:\/\/www.ingeniacasa.com\/fr\/wp-json\/wp\/v2\/pages\/11842\/revisions"}],"predecessor-version":[{"id":11843,"href":"https:\/\/www.ingeniacasa.com\/fr\/wp-json\/wp\/v2\/pages\/11842\/revisions\/11843"}],"up":[{"embeddable":true,"href":"https:\/\/www.ingeniacasa.com\/fr\/wp-json\/wp\/v2\/pages\/11816"}],"acf:attachment":[{"embeddable":true,"href":"https:\/\/www.ingeniacasa.com\/fr\/wp-json\/wp\/v2\/media\/27012"},{"embeddable":true,"href":"https:\/\/www.ingeniacasa.com\/fr\/wp-json\/wp\/v2\/media\/27002"},{"embeddable":true,"href":"https:\/\/www.ingeniacasa.com\/fr\/wp-json\/wp\/v2\/media\/27007"}],"wp:attachment":[{"href":"https:\/\/www.ingeniacasa.com\/fr\/wp-json\/wp\/v2\/media?parent=11842"}],"curies":[{"name":"wp","href":"https:\/\/api.w.org\/{rel}","templated":true}]}}