{"id":11833,"date":"2022-11-09T16:28:43","date_gmt":"2022-11-09T15:28:43","guid":{"rendered":"https:\/\/ingeniacasa.noooserver.com\/?page_id=11833"},"modified":"2022-12-07T15:23:47","modified_gmt":"2022-12-07T14:23:47","slug":"la-nostra-mission-fr","status":"publish","type":"page","link":"https:\/\/www.ingeniacasa.com\/fr\/la-nostra-storia-fr\/la-nostra-mission-fr\/","title":{"rendered":"Notre Mission"},"content":{"rendered":"<p>Gr\u00e2ce \u00e0 la m\u00e9diation entre tradition et innovation, les collections Ingenia Casa interpr\u00e8tent de mani\u00e8re ad\u00e9quate les espaces de vie et du contract, avec des produits qui peuvent \u00eatre ins\u00e9r\u00e9s dans des projets d\u00e9j\u00e0 d\u00e9finis ou sur la base de demandes sp\u00e9cifiques. Nous proposons une v\u00e9ritable philosophie de vie qui refl\u00e8te les go\u00fbts et les caract\u00e8res\u00a0; d\u00e8s le d\u00e9but, l&#8217;innovation a \u00e9t\u00e9 protagoniste, accompagn\u00e9e d&#8217;une vocation sur mesure, exprim\u00e9e dans le souci du d\u00e9tail et des solutions personnalisables.<\/p>\n<p>La living collection est un projet de style coordonn\u00e9 et coh\u00e9rent, o\u00f9 le mobilier et l&#8217;architecture se rejoignent et o\u00f9 chaque environnement est con\u00e7u pour ceux qui y vivront. Tous les espaces de la maison sont reli\u00e9s entre eux par une esth\u00e9tique harmonieuse caract\u00e9ris\u00e9e par des mat\u00e9riaux raffin\u00e9s et des d\u00e9tails pr\u00e9cieux. Nous pensons que la qualit\u00e9 du style am\u00e9liore la vie de l&#8217;habitat. Chaque aspect de Bontempi Casa, de la collection aux mat\u00e9riaux et finitions, de la communication num\u00e9rique aux outils de vente, s&#8217;inspire de l&#8217;id\u00e9e de qualit\u00e9 formelle et fonctionnelle, d&#8217;harmonie et de pr\u00e9cision. La recherche de la coh\u00e9rence dans les d\u00e9tails est fondamentale pour nous car elle exprime notre identit\u00e9 d&#8217;entreprise et la qualit\u00e9 de nos offres.<\/p>\n<p>Notre objectif est l&#8217;<b>EXCELLENCE<\/b>\u00a0en dans tout ce que nous entreprenons. L\u2019am\u00e9lioration continu de nos standard refl\u00e8te l&#8217;<b>EXCELLENCE<\/b>\u00a0du made in Italy.<br \/>\nNous travaillons chaque jours sur de nouvelles technologies, de nouveaux design, de nouveaux produits pour offrir des solutions id\u00e9ale \u00e9quiper toutes les pi\u00e8ces de la maison selon notre Philosophie de Finesse. Le r\u00eave Bontempi casa est de d\u00e9corer vos espaces et de le rendre agr\u00e9able, chaleureux et accueillant, de cr\u00e9er des lieux o\u00f9 on peut vivre en paix les \u00e9motions inoubliables de tous les jours.<\/p>\n","protected":false},"excerpt":{"rendered":"<p>Gr\u00e2ce \u00e0 la m\u00e9diation entre tradition et innovation, les collections Ingenia Casa interpr\u00e8tent de mani\u00e8re ad\u00e9quate les espaces de vie et du contract, avec des produits qui peuvent \u00eatre ins\u00e9r\u00e9s dans des projets d\u00e9j\u00e0 d\u00e9finis ou sur la base de demandes sp\u00e9cifiques. Nous proposons une v\u00e9ritable philosophie de vie qui refl\u00e8te les go\u00fbts et les [&hellip;]<\/p>\n","protected":false},"author":2,"featured_media":0,"parent":11816,"menu_order":0,"comment_status":"closed","ping_status":"closed","template":"page-about.php","meta":{"inline_featured_image":false,"footnotes":""},"class_list":["post-11833","page","type-page","status-publish","hentry"],"acf":{"gallery":""},"_links":{"self":[{"href":"https:\/\/www.ingeniacasa.com\/fr\/wp-json\/wp\/v2\/pages\/11833","targetHints":{"allow":["GET"]}}],"collection":[{"href":"https:\/\/www.ingeniacasa.com\/fr\/wp-json\/wp\/v2\/pages"}],"about":[{"href":"https:\/\/www.ingeniacasa.com\/fr\/wp-json\/wp\/v2\/types\/page"}],"author":[{"embeddable":true,"href":"https:\/\/www.ingeniacasa.com\/fr\/wp-json\/wp\/v2\/users\/2"}],"replies":[{"embeddable":true,"href":"https:\/\/www.ingeniacasa.com\/fr\/wp-json\/wp\/v2\/comments?post=11833"}],"version-history":[{"count":2,"href":"https:\/\/www.ingeniacasa.com\/fr\/wp-json\/wp\/v2\/pages\/11833\/revisions"}],"predecessor-version":[{"id":27075,"href":"https:\/\/www.ingeniacasa.com\/fr\/wp-json\/wp\/v2\/pages\/11833\/revisions\/27075"}],"up":[{"embeddable":true,"href":"https:\/\/www.ingeniacasa.com\/fr\/wp-json\/wp\/v2\/pages\/11816"}],"wp:attachment":[{"href":"https:\/\/www.ingeniacasa.com\/fr\/wp-json\/wp\/v2\/media?parent=11833"}],"curies":[{"name":"wp","href":"https:\/\/api.w.org\/{rel}","templated":true}]}}