{"id":11824,"date":"2022-11-09T16:27:02","date_gmt":"2022-11-09T15:27:02","guid":{"rendered":"https:\/\/ingeniacasa.noooserver.com\/?page_id=11824"},"modified":"2022-11-09T16:51:02","modified_gmt":"2022-11-09T15:51:02","slug":"i-nostri-valori-fr","status":"publish","type":"page","link":"https:\/\/www.ingeniacasa.com\/fr\/la-nostra-storia-fr\/i-nostri-valori-fr\/","title":{"rendered":"Notres valeurs"},"content":{"rendered":"<p>Chaque ann\u00e9e, nous investissons dans des machines, des outils et des logiciels de programmation de plus en plus innovants et \u00e0 la pointe de la technologie, dans le but d&#8217;am\u00e9liorer continuellement la qualit\u00e9 des produits propos\u00e9s. Nous voulons continuer \u00e0 avoir une identit\u00e9 d\u00e9finie et reconnaissable, en dehors des conventions stylistiques, des modes et des tendances de courte dur\u00e9e.Notre\u00a0<b>PASSION<\/b>\u00a0est de transformer une mati\u00e8re dans un objet de design, en tirant d\u2019un demi-si\u00e8cle d\u2019exp\u00e9rience et activit\u00e9.<br \/>\nLe succ\u00e8s qui nous caract\u00e9rise a \u00e9t\u00e9 possible gr\u00e2ce au dur travail et \u00e0 la passion des patrons et tous les professionnels qui depuis 1963, chaque jour contribuent \u00e0 construire notre histoire.<\/p>\n<p>La fabrication et les finitions sont effectu\u00e9s avec des traitements sans \u00e9missions de substances nocives pour l&#8217;homme et l&#8217;environnement.<br \/>\nBontempi Casa utilise des vernis non polluants et sans solvant, des plastiques et des cristaux recyclables, des bois issus de for\u00eats g\u00e9r\u00e9es selon des normes environnementales, sociales et \u00e9conomiques rigoureuses.<\/p>\n<p>L&#8217;<b>ENTHOUSIASME<\/b>\u00a0est le sentiment qui nous conduit, et tous les jours nous g\u00e9rons le travail avec positivit\u00e9. Nous essayons de la transmettre \u00e0 ceux qui ont d\u00e9cid\u00e9 de travailler avec nous.<br \/>\nDe cette fa\u00e7on nous travaillons ensemble avec beaucoup d\u2019engagement et d\u00e9termination, ce qui fait de chaque objectif une course au service de projets ambitieux.<br \/>\nNotre objectif principal est de r\u00e9pondre aux attentes de nos clients avec le maximum d\u2019engagement. Grace \u00e0 cette Philosophie, nous sommes capables de satisfaire leurs demandes et d\u2019accroitre notre professionnalisme.<\/p>\n<p>Nous encourageons l&#8217;<b>INNOVATION<\/b>\u00a0dans tous les aspects de notre travail.<br \/>\nNos produits et processus sont le r\u00e9sultat d\u2019une recherche constante, recherche en tant que culture de l\u2019innovation, de la d\u00e9couverte de nouvelles tendances, et de l\u2019anticipation des demandes du march\u00e9.<br \/>\nDes centaines d\u2019id\u00e9es confi\u00e9 dans le monde \u00e0 des esprits cr\u00e9atifs, des milliers qui reviennent vers nos bureaux sous formes de croquis, un travail de s\u00e9lection empreint de notre sensibilit\u00e9 et de notre vision&#8230;.<br \/>\nChaque ann\u00e9e nous investissons dans machines, outils et logiciels de programmation de plus en plus innovantes et avanc\u00e9es, dans l\u2019optique d\u2019un perpetuel am\u00e9lioration de la qualit\u00e9 des produits offerts.<\/p>\n<div class=\"main-container col1-layout\">\n<div class=\"main\">\n<div class=\"col-main\">\n<div class=\"std\">\n<div class=\"corporate-body\">\n<div class=\"corporate-block\">\n<div class=\"corporate-b-body row\">\n<div class=\"corporate-text col-md-6\">\n<div>La soci\u00e9t\u00e9 Bontempi casa est toujours engag\u00e9 dans la protection des ressources naturelles de la terre.<br \/>\nToute la production Bontempi Casa est con\u00e7ue et r\u00e9alis\u00e9e avec un soin et attention \u00e0 la\u00a0<b>DURABILIT\u00c9 ENVIRONNEMENTALE<\/b>\u00a0des mat\u00e9riaux utilis\u00e9s.<br \/>\nLes fabrications et finissions sont r\u00e9alis\u00e9es par des traitements sans \u00e9missions de substances nocives pour l\u2019homme et l\u2019environnement.<br \/>\nBontempi casa utilise des vernis non polluant et sans solvants, des plastiques \u00e0 verres recyclables, des bois provenant de foret g\u00e9r\u00e9es selon des strictes standard environnemental , social et \u00e9conomique.<br \/>\nL\u2019avenir de la plan\u00e8te et des g\u00e9n\u00e9rations futures d\u00e9pendent aussi de la qualit\u00e9 de notre travail. C\u2019est poir ces raisons que Bontempi Casa investit dans la durabilit\u00e9 environnementale et d\u00e9fend l\u2019id\u00e9e d\u2019une utilisation responsable de nos ressources.<\/div>\n<\/div>\n<\/div>\n<\/div>\n<\/div>\n<\/div>\n<\/div>\n<\/div>\n<\/div>\n","protected":false},"excerpt":{"rendered":"<p>Chaque ann\u00e9e, nous investissons dans des machines, des outils et des logiciels de programmation de plus en plus innovants et \u00e0 la pointe de la technologie, dans le but d&#8217;am\u00e9liorer continuellement la qualit\u00e9 des produits propos\u00e9s. Nous voulons continuer \u00e0 avoir une identit\u00e9 d\u00e9finie et reconnaissable, en dehors des conventions stylistiques, des modes et des [&hellip;]<\/p>\n","protected":false},"author":2,"featured_media":0,"parent":11816,"menu_order":0,"comment_status":"closed","ping_status":"closed","template":"page-about.php","meta":{"inline_featured_image":false,"footnotes":""},"class_list":["post-11824","page","type-page","status-publish","hentry"],"acf":{"gallery":null},"_links":{"self":[{"href":"https:\/\/www.ingeniacasa.com\/fr\/wp-json\/wp\/v2\/pages\/11824","targetHints":{"allow":["GET"]}}],"collection":[{"href":"https:\/\/www.ingeniacasa.com\/fr\/wp-json\/wp\/v2\/pages"}],"about":[{"href":"https:\/\/www.ingeniacasa.com\/fr\/wp-json\/wp\/v2\/types\/page"}],"author":[{"embeddable":true,"href":"https:\/\/www.ingeniacasa.com\/fr\/wp-json\/wp\/v2\/users\/2"}],"replies":[{"embeddable":true,"href":"https:\/\/www.ingeniacasa.com\/fr\/wp-json\/wp\/v2\/comments?post=11824"}],"version-history":[{"count":1,"href":"https:\/\/www.ingeniacasa.com\/fr\/wp-json\/wp\/v2\/pages\/11824\/revisions"}],"predecessor-version":[{"id":11825,"href":"https:\/\/www.ingeniacasa.com\/fr\/wp-json\/wp\/v2\/pages\/11824\/revisions\/11825"}],"up":[{"embeddable":true,"href":"https:\/\/www.ingeniacasa.com\/fr\/wp-json\/wp\/v2\/pages\/11816"}],"wp:attachment":[{"href":"https:\/\/www.ingeniacasa.com\/fr\/wp-json\/wp\/v2\/media?parent=11824"}],"curies":[{"name":"wp","href":"https:\/\/api.w.org\/{rel}","templated":true}]}}